{"id":63,"date":"2019-03-25T14:59:17","date_gmt":"2019-03-25T13:59:17","guid":{"rendered":"https:\/\/www.advokatskibsted.dk\/?page_id=63"},"modified":"2025-04-27T08:33:49","modified_gmt":"2025-04-27T06:33:49","slug":"kontakt","status":"publish","type":"page","link":"https:\/\/www.advokatskibsted.dk\/index.php\/kontakt\/","title":{"rendered":"KONTAKT\/CONTACT"},"content":{"rendered":"\n<p>Jeg deltager i m\u00f8der hos dig privat eller i din virksomhed efter dit \u00f8nske eller efter n\u00e6rmere aftale andet sted i Danmark eller udlandet.<\/p>\n\n\n\n<p>Jeg tr\u00e6ffes p\u00e5 mobil +45 28 92 64 42 eller p\u00e5 <a href=\"mailto:jjs@advokatskibsted.dk\">jjs@advokatskibsted.dk<\/a> <\/p>\n\n\n\n<p class=\"has-text-align-center\">-o-<\/p>\n\n\n\n<p>I participate in meetings with you privately or in your company according to your wishes or by appointment elsewhere in Denmark or abroad. <\/p>\n\n\n\n<p>I can be reached on mobile +45 28 92 64 42 or at <a href=\"jjs@advokatskibsted.dk\" data-type=\"link\" data-id=\"jjs@advokatskibsted.dk\">jjs@advokatskibsted.dk<\/a><\/p>\n\n\n\n<p><br><\/p>\n","protected":false},"excerpt":{"rendered":"<p>Jeg deltager i m\u00f8der hos dig privat eller i din virksomhed efter dit \u00f8nske eller efter n\u00e6rmere aftale andet sted i Danmark eller udlandet. Jeg tr\u00e6ffes p\u00e5 mobil +45 28 92 64 42 eller p\u00e5 jjs@advokatskibsted.dk -o- I participate in meetings with you privately or in your company according to your wishes or by appointment &hellip; <\/p>\n<p class=\"link-more\"><a href=\"https:\/\/www.advokatskibsted.dk\/index.php\/kontakt\/\" class=\"more-link\">Continue reading<span class=\"screen-reader-text\"> &#8220;KONTAKT\/CONTACT&#8221;<\/span><\/a><\/p>\n","protected":false},"author":1,"featured_media":0,"parent":0,"menu_order":0,"comment_status":"closed","ping_status":"closed","template":"","meta":{"footnotes":""},"class_list":["post-63","page","type-page","status-publish","hentry"],"_links":{"self":[{"href":"https:\/\/www.advokatskibsted.dk\/index.php\/wp-json\/wp\/v2\/pages\/63","targetHints":{"allow":["GET"]}}],"collection":[{"href":"https:\/\/www.advokatskibsted.dk\/index.php\/wp-json\/wp\/v2\/pages"}],"about":[{"href":"https:\/\/www.advokatskibsted.dk\/index.php\/wp-json\/wp\/v2\/types\/page"}],"author":[{"embeddable":true,"href":"https:\/\/www.advokatskibsted.dk\/index.php\/wp-json\/wp\/v2\/users\/1"}],"replies":[{"embeddable":true,"href":"https:\/\/www.advokatskibsted.dk\/index.php\/wp-json\/wp\/v2\/comments?post=63"}],"version-history":[{"count":16,"href":"https:\/\/www.advokatskibsted.dk\/index.php\/wp-json\/wp\/v2\/pages\/63\/revisions"}],"predecessor-version":[{"id":308,"href":"https:\/\/www.advokatskibsted.dk\/index.php\/wp-json\/wp\/v2\/pages\/63\/revisions\/308"}],"wp:attachment":[{"href":"https:\/\/www.advokatskibsted.dk\/index.php\/wp-json\/wp\/v2\/media?parent=63"}],"curies":[{"name":"wp","href":"https:\/\/api.w.org\/{rel}","templated":true}]}}