{"id":73,"date":"2019-03-25T22:42:58","date_gmt":"2019-03-25T21:42:58","guid":{"rendered":"https:\/\/www.advokatskibsted.dk\/?page_id=73"},"modified":"2022-08-25T19:50:46","modified_gmt":"2022-08-25T17:50:46","slug":"lovpligtige-oplysninger","status":"publish","type":"page","link":"https:\/\/www.advokatskibsted.dk\/index.php\/lovpligtige-oplysninger\/","title":{"rendered":"LOVPLIGTIGE OPLYSNINGER"},"content":{"rendered":"\n<p class=\"has-text-align-left\">Advokatfirmaet Jens Jacob Skibsted er etableret p\u00e5 f\u00f8lgende adresse:<\/p>\n\n\n\n<p class=\"has-text-align-left\">B\u00f8gevej 1C, 3480 Fredensborg.      <\/p>\n\n\n\n<p class=\"has-text-align-left\">Advokatfirmaets cvr. nr. er 29 11 76 16.         <\/p>\n\n\n\n<p class=\"has-text-align-left\">Advokatfirmaet er organiseret som en enkeltmandsvirksomhed.                                                        <\/p>\n\n\n\n<p>Advokat Jens Jacob Skibsted er beskikket som advokat af Justitsministeriet i Danmark og er medlem af Advokatsamfundet og har tegnet ansvarsforsikring og stillet garanti efter de af Advokatsamfundet fastsatte regler hos CNA Insurance Company (Europe) S.A., Hammerensgade 6, 1., 1267 K\u00f8benhavn K. Ansvarsforsikringen d\u00e6kker al advokatvirksomhed, uanset hvor advokatvirksomheden ud\u00f8ves.<\/p>\n\n\n\n<p>Advokatfirmaet anvender ikke aftaleklausuler om lovvalg og\/eller v\u00e6rneting, medmindre dette aftales med klienten.<\/p>\n\n\n\n<p>Advokatfirmaet f\u00f8lger&nbsp;<a rel=\"noreferrer noopener\" href=\"http:\/\/www.advokatsamfundet.dk\/\" target=\"_blank\">Advokatsamfundets<\/a>&nbsp;regler for advokatetik og god advokatskik. Al r\u00e5dgivning er baseret p\u00e5 dansk ret, og advokatfirmaet er underlagt reglerne om forebyggelse af hvidvask.&nbsp;<\/p>\n\n\n\n<p>Advokatfirmaet er omfattet af Advokatsamfundets tilsyns- og disciplin\u00e6rsystem og af reglerne om god advokatskik, jf. retsplejelovens \u00a7 126. Herudover g\u00e6lder de advokatetiske regler.&nbsp;\u200b<\/p>\n\n\n\n<p><strong>Klientkonti og indskudsgaranti<\/strong><\/p>\n\n\n\n<p>Advokatfirmaet har klientkonti i Danske Bank.<\/p>\n\n\n\n<p>I tilf\u00e6lde af en banks konkurs f\u00e5r indskyderne d\u00e6kning i henhold til lov om garantiordning for indskydere og investorer. Garantiformuen d\u00e6kker en berettiget indskyders midler op til et bel\u00f8b svarende til 100.000 euro (ca. 750.000 dkk). D\u00e6kningsmaksimummet g\u00e6lder det samlede indskud i banken, selvom pengene st\u00e5r p\u00e5 forskellige konti, herunder p\u00e5 b\u00e5de klientbankkonti og egne konti.<\/p>\n\n\n\n<p>Der g\u00e6lder s\u00e6rlige regler for indskud ved. fast ejendom, hvis den faste ejendom har v\u00e6ret anvendt til eller er bestemt til hovedsageligt ikke-erhvervsm\u00e6ssige form\u00e5l. Her d\u00e6kkes bel\u00f8b op til 10 mio. euro, indtil 12 m\u00e5neder efter bel\u00f8bet blev indsat, og uanset om indskuddet st\u00e5r p\u00e5 en s\u00e6rskilt konto. N\u00e6rmere oplysninger om garantiordningen findes p\u00e5 Garantiformuens hjemmeside www.gii.dk.<\/p>\n\n\n\n<p><strong>\u00d8nsker du at klage ?\u00a0<\/strong><br>I tilf\u00e6lde af en tvist om sal\u00e6r opkr\u00e6vet af Advokatfirmaet Jens Jacob Skibsted og\/eller utilfredshed med advokatens adf\u00e6rd, kan klienten klage over sal\u00e6rets st\u00f8rrelse og\/eller adf\u00e6rden til Advokatn\u00e6vnet, Kronprinsessegade 28, 1306 K\u00f8benhavn K. <a rel=\"noreferrer noopener\" href=\"http:\/\/www.advokatnaevnet.dk\/\" target=\"_blank\">www.advokatnaevnet.dk; <\/a> <a href=\"mailto:klagesagsafdelingen@advokatsamfundet.dk\">klagesagsafdelingen@advokatsamfundet.dk.<\/a><\/p>\n\n\n\n<p><strong>De advokatetiske regler.<\/strong><\/p>\n\n\n\n<p><a href=\"https:\/\/www.advokatsamfundet.dk\/media\/eoyjp0en\/de-advokatetiske-regler-1-september-2022.pdf\">https:\/\/www.advokatsamfundet.dk\/media\/eoyjp0en\/de-advokatetiske-regler-1-september-2022.pdf<\/a><\/p>\n\n\n\n<div class=\"wp-block-image\"><figure class=\"aligncenter\"><img loading=\"lazy\" decoding=\"async\" width=\"318\" height=\"159\" src=\"https:\/\/www.advokatskibsted.dk\/wp-content\/uploads\/2019\/03\/Unknown-1.png\" alt=\"\" class=\"wp-image-96\" srcset=\"https:\/\/www.advokatskibsted.dk\/wp-content\/uploads\/2019\/03\/Unknown-1.png 318w, https:\/\/www.advokatskibsted.dk\/wp-content\/uploads\/2019\/03\/Unknown-1-300x150.png 300w\" sizes=\"auto, (max-width: 318px) 100vw, 318px\" \/><\/figure><\/div>\n\n\n\n<div class=\"wp-block-image\"><figure class=\"aligncenter\"><img loading=\"lazy\" decoding=\"async\" width=\"435\" height=\"106\" src=\"https:\/\/www.advokatskibsted.dk\/wp-content\/uploads\/2019\/03\/Logo_Advokatsamfundet.jpg\" alt=\"\" class=\"wp-image-88\" srcset=\"https:\/\/www.advokatskibsted.dk\/wp-content\/uploads\/2019\/03\/Logo_Advokatsamfundet.jpg 435w, https:\/\/www.advokatskibsted.dk\/wp-content\/uploads\/2019\/03\/Logo_Advokatsamfundet-300x73.jpg 300w\" sizes=\"auto, (max-width: 435px) 100vw, 435px\" \/><\/figure><\/div>\n\n\n\n<p><br><\/p>\n","protected":false},"excerpt":{"rendered":"<p>Advokatfirmaet Jens Jacob Skibsted er etableret p\u00e5 f\u00f8lgende adresse: B\u00f8gevej 1C, 3480 Fredensborg. Advokatfirmaets cvr. nr. er 29 11 76 16. Advokatfirmaet er organiseret som en enkeltmandsvirksomhed. Advokat Jens Jacob Skibsted er beskikket som advokat af Justitsministeriet i Danmark og er medlem af Advokatsamfundet og har tegnet ansvarsforsikring og stillet garanti efter de af Advokatsamfundet &hellip; <\/p>\n<p class=\"link-more\"><a href=\"https:\/\/www.advokatskibsted.dk\/index.php\/lovpligtige-oplysninger\/\" class=\"more-link\">Continue reading<span class=\"screen-reader-text\"> &#8220;LOVPLIGTIGE OPLYSNINGER&#8221;<\/span><\/a><\/p>\n","protected":false},"author":1,"featured_media":0,"parent":0,"menu_order":0,"comment_status":"closed","ping_status":"closed","template":"","meta":{"footnotes":""},"class_list":["post-73","page","type-page","status-publish","hentry"],"_links":{"self":[{"href":"https:\/\/www.advokatskibsted.dk\/index.php\/wp-json\/wp\/v2\/pages\/73","targetHints":{"allow":["GET"]}}],"collection":[{"href":"https:\/\/www.advokatskibsted.dk\/index.php\/wp-json\/wp\/v2\/pages"}],"about":[{"href":"https:\/\/www.advokatskibsted.dk\/index.php\/wp-json\/wp\/v2\/types\/page"}],"author":[{"embeddable":true,"href":"https:\/\/www.advokatskibsted.dk\/index.php\/wp-json\/wp\/v2\/users\/1"}],"replies":[{"embeddable":true,"href":"https:\/\/www.advokatskibsted.dk\/index.php\/wp-json\/wp\/v2\/comments?post=73"}],"version-history":[{"count":21,"href":"https:\/\/www.advokatskibsted.dk\/index.php\/wp-json\/wp\/v2\/pages\/73\/revisions"}],"predecessor-version":[{"id":256,"href":"https:\/\/www.advokatskibsted.dk\/index.php\/wp-json\/wp\/v2\/pages\/73\/revisions\/256"}],"wp:attachment":[{"href":"https:\/\/www.advokatskibsted.dk\/index.php\/wp-json\/wp\/v2\/media?parent=73"}],"curies":[{"name":"wp","href":"https:\/\/api.w.org\/{rel}","templated":true}]}}